{"id":40515,"date":"2021-11-18T18:27:34","date_gmt":"2021-11-18T17:27:34","guid":{"rendered":"https:\/\/exaudi.wpengine.com\/?page_id=40515"},"modified":"2025-03-18T15:19:38","modified_gmt":"2025-03-18T14:19:38","slug":"benvenuto-a-exaudi","status":"publish","type":"page","link":"https:\/\/exaudi.org\/it\/benvenuto-a-exaudi\/","title":{"rendered":"Benvenuto a Exaudi"},"content":{"rendered":"<p>Benvenuto, siamo molto felici di averti con noi.<\/p>\n<h3><strong>Condividi la nostra missione\u2026<\/strong><\/h3>\n<p>La missione di Exaudi \u00e8 l\u2019evangelizzazione del mondo. Exaudi \u00e8 nata per rafforzare l\u2019unit\u00e0 della Chiesa. Ti offriamo un\u2019informazione rigorosa sulla vita e sulle attivit\u00e0 della Chiesa. Attraverso le nostre notizie i nostri articoli trattiamo temi di attualit\u00e0 e le diverse realt\u00e0 che influenzano la vita dell\u2019uomo nel mondo. Oltre alle notizie abbiamo tre sezioni pensate appositamente per te: interviste, <a href=\"https:\/\/exaudi.org\/it\/category\/analisi\/\" target=\"_blank\" rel=\"noopener\">analisi<\/a> e <a href=\"https:\/\/exaudi.org\/it\/category\/voci\/\" target=\"_blank\" rel=\"noopener\">voci<\/a>.<\/p>\n<p>Riceverai presto le nostre notizie quotidiane. Vuoi abbonarti ad altre edizioni?<\/p>\n<ul>\n<li><a href=\"\/es\/suscribete\/\"><span class=\"tdm-btn-text\">Noticias diarias<\/span> (Espa\u00f1ol)<\/a><\/li>\n<li><a href=\"\/subscribe\/\">Daily Newsletter (English)<\/a><\/li>\n<\/ul>\n<p>Italiano: Desideri donare a Exaudi?<\/p>\n<p>Puoi farlo al seguente <a href=\"https:\/\/donorbox.org\/exaudi-it\" target=\"_blank\" rel=\"noopener\">link.<\/a><\/p>\n","protected":false},"excerpt":{"rendered":"<p>Benvenuto, siamo molto felici di averti con noi. Condividi la nostra missione\u2026 La missione di Exaudi \u00e8 l\u2019evangelizzazione del mondo. Exaudi \u00e8 nata per rafforzare l\u2019unit\u00e0 della Chiesa. Ti offriamo un\u2019informazione rigorosa sulla vita e sulle attivit\u00e0 della Chiesa. Attraverso le nostre notizie i nostri articoli trattiamo temi di attualit\u00e0 e le diverse realt\u00e0 che [&hellip;]<\/p>\n","protected":false},"author":64,"featured_media":643,"parent":0,"menu_order":0,"comment_status":"closed","ping_status":"closed","template":"","meta":{"_acf_changed":false,"_crdt_document":"","inline_featured_image":false,"footnotes":"","big_sky_generated":false},"class_list":["post-40515","page","type-page","status-publish","has-post-thumbnail","hentry"],"acf":[],"yoast_head":"<!-- This site is optimized with the Yoast SEO plugin v27.5 - https:\/\/yoast.com\/product\/yoast-seo-wordpress\/ -->\n<title>Benvenuto a Exaudi &#8211; Exaudi<\/title>\n<meta name=\"robots\" content=\"index, follow, max-snippet:-1, max-image-preview:large, max-video-preview:-1\" \/>\n<link rel=\"canonical\" href=\"https:\/\/exaudi.org\/it\/newsletterwelcome\/\" \/>\n<meta property=\"og:locale\" content=\"it_IT\" \/>\n<meta property=\"og:type\" content=\"article\" \/>\n<meta property=\"og:title\" content=\"Benvenuto a Exaudi &#8211; Exaudi\" \/>\n<meta property=\"og:description\" content=\"Benvenuto, siamo molto felici di averti con noi. Condividi la nostra missione\u2026 La missione di Exaudi \u00e8 l\u2019evangelizzazione del mondo. Exaudi \u00e8 nata per rafforzare l\u2019unit\u00e0 della Chiesa. Ti offriamo un\u2019informazione rigorosa sulla vita e sulle attivit\u00e0 della Chiesa. Attraverso le nostre notizie i nostri articoli trattiamo temi di attualit\u00e0 e le diverse realt\u00e0 che [&hellip;]\" \/>\n<meta property=\"og:url\" content=\"https:\/\/exaudi.org\/newsletterwelcome\/\" \/>\n<meta property=\"og:site_name\" content=\"Exaudi\" \/>\n<meta property=\"article:publisher\" content=\"https:\/\/www.facebook.com\/ExaudiNews\" \/>\n<meta property=\"article:modified_time\" content=\"2025-03-18T14:19:38+00:00\" \/>\n<meta property=\"og:image\" content=\"https:\/\/exaudi.org\/wp-content\/uploads\/2021\/02\/ashwin-vaswani-55k45BgfUF8-unsplash-2.jpg\" \/>\n\t<meta property=\"og:image:width\" content=\"1440\" \/>\n\t<meta property=\"og:image:height\" content=\"464\" \/>\n\t<meta property=\"og:image:type\" content=\"image\/jpeg\" \/>\n<meta name=\"twitter:card\" content=\"summary_large_image\" \/>\n<meta name=\"twitter:site\" content=\"@Exaudi_News\" \/>\n<meta name=\"twitter:label1\" content=\"Tempo di lettura stimato\" \/>\n\t<meta name=\"twitter:data1\" content=\"1 minuto\" \/>\n<script type=\"application\/ld+json\" class=\"yoast-schema-graph\">{\"@context\":\"https:\\\/\\\/schema.org\",\"@graph\":[{\"@type\":\"WebPage\",\"@id\":\"https:\\\/\\\/exaudi.org\\\/newsletterwelcome\\\/\",\"url\":\"https:\\\/\\\/exaudi.org\\\/newsletterwelcome\\\/\",\"name\":\"Benvenuto a Exaudi &#8211; Exaudi\",\"isPartOf\":{\"@id\":\"https:\\\/\\\/exaudi.org\\\/#website\"},\"primaryImageOfPage\":{\"@id\":\"https:\\\/\\\/exaudi.org\\\/newsletterwelcome\\\/#primaryimage\"},\"image\":{\"@id\":\"https:\\\/\\\/exaudi.org\\\/newsletterwelcome\\\/#primaryimage\"},\"thumbnailUrl\":\"https:\\\/\\\/exaudi.org\\\/wp-content\\\/uploads\\\/2021\\\/02\\\/ashwin-vaswani-55k45BgfUF8-unsplash-2.jpg\",\"datePublished\":\"2021-11-18T17:27:34+00:00\",\"dateModified\":\"2025-03-18T14:19:38+00:00\",\"breadcrumb\":{\"@id\":\"https:\\\/\\\/exaudi.org\\\/newsletterwelcome\\\/#breadcrumb\"},\"inLanguage\":\"it-IT\",\"potentialAction\":[{\"@type\":\"ReadAction\",\"target\":[\"https:\\\/\\\/exaudi.org\\\/newsletterwelcome\\\/\"]}]},{\"@type\":\"ImageObject\",\"inLanguage\":\"it-IT\",\"@id\":\"https:\\\/\\\/exaudi.org\\\/newsletterwelcome\\\/#primaryimage\",\"url\":\"https:\\\/\\\/exaudi.org\\\/wp-content\\\/uploads\\\/2021\\\/02\\\/ashwin-vaswani-55k45BgfUF8-unsplash-2.jpg\",\"contentUrl\":\"https:\\\/\\\/exaudi.org\\\/wp-content\\\/uploads\\\/2021\\\/02\\\/ashwin-vaswani-55k45BgfUF8-unsplash-2.jpg\",\"width\":1440,\"height\":464},{\"@type\":\"BreadcrumbList\",\"@id\":\"https:\\\/\\\/exaudi.org\\\/newsletterwelcome\\\/#breadcrumb\",\"itemListElement\":[{\"@type\":\"ListItem\",\"position\":1,\"name\":\"Portada\",\"item\":\"https:\\\/\\\/exaudi.org\\\/it\\\/\"},{\"@type\":\"ListItem\",\"position\":2,\"name\":\"Benvenuto a Exaudi\"}]},{\"@type\":\"WebSite\",\"@id\":\"https:\\\/\\\/exaudi.org\\\/#website\",\"url\":\"https:\\\/\\\/exaudi.org\\\/\",\"name\":\"Exaudi\",\"description\":\"News\",\"potentialAction\":[{\"@type\":\"SearchAction\",\"target\":{\"@type\":\"EntryPoint\",\"urlTemplate\":\"https:\\\/\\\/exaudi.org\\\/?s={search_term_string}\"},\"query-input\":{\"@type\":\"PropertyValueSpecification\",\"valueRequired\":true,\"valueName\":\"search_term_string\"}}],\"inLanguage\":\"it-IT\"}]}<\/script>\n<!-- \/ Yoast SEO plugin. -->","yoast_head_json":{"title":"Benvenuto a Exaudi &#8211; Exaudi","robots":{"index":"index","follow":"follow","max-snippet":"max-snippet:-1","max-image-preview":"max-image-preview:large","max-video-preview":"max-video-preview:-1"},"canonical":"https:\/\/exaudi.org\/it\/newsletterwelcome\/","og_locale":"it_IT","og_type":"article","og_title":"Benvenuto a Exaudi &#8211; Exaudi","og_description":"Benvenuto, siamo molto felici di averti con noi. Condividi la nostra missione\u2026 La missione di Exaudi \u00e8 l\u2019evangelizzazione del mondo. Exaudi \u00e8 nata per rafforzare l\u2019unit\u00e0 della Chiesa. Ti offriamo un\u2019informazione rigorosa sulla vita e sulle attivit\u00e0 della Chiesa. Attraverso le nostre notizie i nostri articoli trattiamo temi di attualit\u00e0 e le diverse realt\u00e0 che [&hellip;]","og_url":"https:\/\/exaudi.org\/newsletterwelcome\/","og_site_name":"Exaudi","article_publisher":"https:\/\/www.facebook.com\/ExaudiNews","article_modified_time":"2025-03-18T14:19:38+00:00","og_image":[{"width":1440,"height":464,"url":"https:\/\/exaudi.org\/wp-content\/uploads\/2021\/02\/ashwin-vaswani-55k45BgfUF8-unsplash-2.jpg","type":"image\/jpeg"}],"twitter_card":"summary_large_image","twitter_site":"@Exaudi_News","twitter_misc":{"Tempo di lettura stimato":"1 minuto"},"schema":{"@context":"https:\/\/schema.org","@graph":[{"@type":"WebPage","@id":"https:\/\/exaudi.org\/newsletterwelcome\/","url":"https:\/\/exaudi.org\/newsletterwelcome\/","name":"Benvenuto a Exaudi &#8211; Exaudi","isPartOf":{"@id":"https:\/\/exaudi.org\/#website"},"primaryImageOfPage":{"@id":"https:\/\/exaudi.org\/newsletterwelcome\/#primaryimage"},"image":{"@id":"https:\/\/exaudi.org\/newsletterwelcome\/#primaryimage"},"thumbnailUrl":"https:\/\/exaudi.org\/wp-content\/uploads\/2021\/02\/ashwin-vaswani-55k45BgfUF8-unsplash-2.jpg","datePublished":"2021-11-18T17:27:34+00:00","dateModified":"2025-03-18T14:19:38+00:00","breadcrumb":{"@id":"https:\/\/exaudi.org\/newsletterwelcome\/#breadcrumb"},"inLanguage":"it-IT","potentialAction":[{"@type":"ReadAction","target":["https:\/\/exaudi.org\/newsletterwelcome\/"]}]},{"@type":"ImageObject","inLanguage":"it-IT","@id":"https:\/\/exaudi.org\/newsletterwelcome\/#primaryimage","url":"https:\/\/exaudi.org\/wp-content\/uploads\/2021\/02\/ashwin-vaswani-55k45BgfUF8-unsplash-2.jpg","contentUrl":"https:\/\/exaudi.org\/wp-content\/uploads\/2021\/02\/ashwin-vaswani-55k45BgfUF8-unsplash-2.jpg","width":1440,"height":464},{"@type":"BreadcrumbList","@id":"https:\/\/exaudi.org\/newsletterwelcome\/#breadcrumb","itemListElement":[{"@type":"ListItem","position":1,"name":"Portada","item":"https:\/\/exaudi.org\/it\/"},{"@type":"ListItem","position":2,"name":"Benvenuto a Exaudi"}]},{"@type":"WebSite","@id":"https:\/\/exaudi.org\/#website","url":"https:\/\/exaudi.org\/","name":"Exaudi","description":"News","potentialAction":[{"@type":"SearchAction","target":{"@type":"EntryPoint","urlTemplate":"https:\/\/exaudi.org\/?s={search_term_string}"},"query-input":{"@type":"PropertyValueSpecification","valueRequired":true,"valueName":"search_term_string"}}],"inLanguage":"it-IT"}]}},"jetpack_shortlink":"https:\/\/wp.me\/PgKjF2-axt","_links":{"self":[{"href":"https:\/\/exaudi.org\/it\/wp-json\/wp\/v2\/pages\/40515","targetHints":{"allow":["GET"]}}],"collection":[{"href":"https:\/\/exaudi.org\/it\/wp-json\/wp\/v2\/pages"}],"about":[{"href":"https:\/\/exaudi.org\/it\/wp-json\/wp\/v2\/types\/page"}],"author":[{"embeddable":true,"href":"https:\/\/exaudi.org\/it\/wp-json\/wp\/v2\/users\/64"}],"replies":[{"embeddable":true,"href":"https:\/\/exaudi.org\/it\/wp-json\/wp\/v2\/comments?post=40515"}],"version-history":[{"count":0,"href":"https:\/\/exaudi.org\/it\/wp-json\/wp\/v2\/pages\/40515\/revisions"}],"wp:featuredmedia":[{"embeddable":true,"href":"https:\/\/exaudi.org\/it\/wp-json\/wp\/v2\/media\/643"}],"wp:attachment":[{"href":"https:\/\/exaudi.org\/it\/wp-json\/wp\/v2\/media?parent=40515"}],"curies":[{"name":"wp","href":"https:\/\/api.w.org\/{rel}","templated":true}]}}