{"id":40476,"date":"2021-11-16T18:00:23","date_gmt":"2021-11-16T17:00:23","guid":{"rendered":"https:\/\/exaudi.wpengine.com\/?page_id=40476"},"modified":"2021-11-16T18:00:23","modified_gmt":"2021-11-16T17:00:23","slug":"faq","status":"publish","type":"page","link":"https:\/\/exaudi.org\/it\/faq\/","title":{"rendered":"FAQ"},"content":{"rendered":"<p><strong>Cos\u2019\u00e8 Exaudi?<\/strong><\/p>\n<p>EXAUDI \u00e8 un\u2019agenzia di notizie internazionale cattolica. EXAUDI \u00e8 un megafono della vita e delle attivit\u00e0 del Papa e della Chiesa, che cerca di far luce sui temi di attualit\u00e0 e sulle diverse realt\u00e0 che interessano la vita dell\u2019uomo nel mondo attraverso informazioni, opinioni e analisi.<\/p>\n<p>&nbsp;<\/p>\n<p><strong>Chi pubblica Exaudi?<\/strong><\/p>\n<p>Exaudi appartiene a Exaudi NFP, una organizzazione senza fini di lucro, in fase di applicazione, con sede in Florida. Exaudi NFP \u00e8 anche proprietaria di questo sito web e possiede i diritti d\u2019autore di tutti gli articoli pubblicati in esso, tranne quelli che hanno un diverso diritto d\u2019autore esplicitamente indicato.<\/p>\n<p>Exaudi \u00e8 un\u2019agenzia di notizie indipendente.<\/p>\n<p>&nbsp;<\/p>\n<p><strong>Qual \u00e8 la missione di Exaudi?<\/strong><\/p>\n<p>La finalit\u00e0 di Exaudi \u00e8 l\u2019evangelizzazione del mondo. Exaudi nasce per rafforzare l\u2019unit\u00e0 della Chiesa con il Papa. Offriamo l\u2019informazione pi\u00f9 rigorosa sulla vita e le attivit\u00e0 del Papa e della Chiesa.<\/p>\n<p>Attraverso le nostre notizie e articoli copriamo per voi i temi di attualit\u00e0 e le diverse realt\u00e0 che interessano la vita dell\u2019uomo nel mondo.<\/p>\n<p>&nbsp;<\/p>\n<p><strong>Quando \u00e8 iniziata Exaudi?<\/strong><\/p>\n<p>Nel marzo 2021. Formata da una squadra di professionisti con esperienza in mezzi di comunicazione cattolici, convinti della necessit\u00e0 di raccontare con rigore le notizie della Chiesa e del Papa. E sempre con la stessa lealt\u00e0 che il Papa e la Chiesa meritano da parte di quanti formiamo questa squadra come cattolici.<\/p>\n<p>Exaudi nasce dalla mano di un management team convinto della necessit\u00e0 di un media fedele alla dottrina sociale della Chiesa e al Papa, che contribuisca con voci e analisi alle questioni fondamentali dell\u2019essere umano dal punto di vista della Chiesa.<\/p>\n<p>Il suo team di gestione \u00e8 composto da:<\/p>\n<p>Deborah Castellano Lubov, direttore editoriale<br \/>\nLarissa L\u00f3pez, coordinatrice dell\u2019edizione spagnola<br \/>\nAndrea Acali, coordinatore dell\u2019edizione italiana<br \/>\nAlejandro Antunez de Mayolo, coordinatore dell\u2019ottimizzazione dei sistemi<br \/>\nJuan Ignacio Velasco, direttore delle relazioni esterne<br \/>\nRicardo Samanez, coordinatore finanziario<br \/>\nAlberto Ram\u00edrez, CEO<\/p>\n<p>Contatto: info@exaudi.org<\/p>\n<p>&nbsp;<\/p>\n<p><strong>Chi finanzia Exaudi?<\/strong><\/p>\n<p>La ricezione e l\u2019uso personale di Exaudi sono totalmente gratuiti.<\/p>\n<p>Coloro che volessero utilizzare Exaudi per motivi professionali (servizi di informazione e organizzazioni) devono chiedere preventivamente il permesso di pubblicazione al seguente link info@exaudi.org, indicando sempre la fonte exaudi.org e il nome dell\u2019autore dell\u2019articolo.<\/p>\n<p>Anche cos\u00ec, poich\u00e9 la nostra priorit\u00e0 \u00e8 diffondere queste informazioni, siamo disponibili a negoziare tariffe e ad adattarci a ogni situazione<\/p>\n<p>Exaudi sar\u00e0 sostenuta dai suoi lettori e da quegli imprenditori impegnati nella verit\u00e0 e nell\u2019evangelizzazione.<\/p>\n<p>Exaudi \u00e8 un\u2019agenzia di notizie cattolica internazionale con un unico obiettivo: rafforzare l\u2019unit\u00e0 della Chiesa con il Papa, e il nostro manuale \u00e8 la Dottrina Sociale della Chiesa.<\/p>\n","protected":false},"excerpt":{"rendered":"<p>Cos\u2019\u00e8 Exaudi? EXAUDI \u00e8 un\u2019agenzia di notizie internazionale cattolica. EXAUDI \u00e8 un megafono della vita e delle attivit\u00e0 del Papa e della Chiesa, che cerca di far luce sui temi di attualit\u00e0 e sulle diverse realt\u00e0 che interessano la vita dell\u2019uomo nel mondo attraverso informazioni, opinioni e analisi. &nbsp; Chi pubblica Exaudi? Exaudi appartiene a [&hellip;]<\/p>\n","protected":false},"author":64,"featured_media":0,"parent":0,"menu_order":0,"comment_status":"closed","ping_status":"closed","template":"","meta":{"_acf_changed":false,"_crdt_document":"","inline_featured_image":false,"footnotes":"","big_sky_generated":false},"class_list":["post-40476","page","type-page","status-publish","hentry"],"acf":[],"yoast_head":"<!-- This site is optimized with the Yoast SEO plugin v27.5 - https:\/\/yoast.com\/product\/yoast-seo-wordpress\/ -->\n<title>FAQ &#8211; Exaudi<\/title>\n<meta name=\"robots\" content=\"index, follow, max-snippet:-1, max-image-preview:large, max-video-preview:-1\" \/>\n<link rel=\"canonical\" href=\"https:\/\/exaudi.org\/it\/faq\/\" \/>\n<meta property=\"og:locale\" content=\"it_IT\" \/>\n<meta property=\"og:type\" content=\"article\" \/>\n<meta property=\"og:title\" content=\"FAQ &#8211; Exaudi\" \/>\n<meta property=\"og:description\" content=\"Cos\u2019\u00e8 Exaudi? EXAUDI \u00e8 un\u2019agenzia di notizie internazionale cattolica. EXAUDI \u00e8 un megafono della vita e delle attivit\u00e0 del Papa e della Chiesa, che cerca di far luce sui temi di attualit\u00e0 e sulle diverse realt\u00e0 che interessano la vita dell\u2019uomo nel mondo attraverso informazioni, opinioni e analisi. &nbsp; Chi pubblica Exaudi? Exaudi appartiene a [&hellip;]\" \/>\n<meta property=\"og:url\" content=\"https:\/\/exaudi.org\/faq\/\" \/>\n<meta property=\"og:site_name\" content=\"Exaudi\" \/>\n<meta property=\"article:publisher\" content=\"https:\/\/www.facebook.com\/ExaudiNews\" \/>\n<meta name=\"twitter:card\" content=\"summary_large_image\" \/>\n<meta name=\"twitter:site\" content=\"@Exaudi_News\" \/>\n<meta name=\"twitter:label1\" content=\"Tempo di lettura stimato\" \/>\n\t<meta name=\"twitter:data1\" content=\"2 minuti\" \/>\n<script type=\"application\/ld+json\" class=\"yoast-schema-graph\">{\"@context\":\"https:\\\/\\\/schema.org\",\"@graph\":[{\"@type\":\"WebPage\",\"@id\":\"https:\\\/\\\/exaudi.org\\\/faq\\\/\",\"url\":\"https:\\\/\\\/exaudi.org\\\/faq\\\/\",\"name\":\"FAQ &#8211; Exaudi\",\"isPartOf\":{\"@id\":\"https:\\\/\\\/exaudi.org\\\/#website\"},\"datePublished\":\"2021-11-16T17:00:23+00:00\",\"breadcrumb\":{\"@id\":\"https:\\\/\\\/exaudi.org\\\/faq\\\/#breadcrumb\"},\"inLanguage\":\"it-IT\",\"potentialAction\":[{\"@type\":\"ReadAction\",\"target\":[\"https:\\\/\\\/exaudi.org\\\/faq\\\/\"]}]},{\"@type\":\"BreadcrumbList\",\"@id\":\"https:\\\/\\\/exaudi.org\\\/faq\\\/#breadcrumb\",\"itemListElement\":[{\"@type\":\"ListItem\",\"position\":1,\"name\":\"Portada\",\"item\":\"https:\\\/\\\/exaudi.org\\\/it\\\/\"},{\"@type\":\"ListItem\",\"position\":2,\"name\":\"FAQ\"}]},{\"@type\":\"WebSite\",\"@id\":\"https:\\\/\\\/exaudi.org\\\/#website\",\"url\":\"https:\\\/\\\/exaudi.org\\\/\",\"name\":\"Exaudi\",\"description\":\"News\",\"potentialAction\":[{\"@type\":\"SearchAction\",\"target\":{\"@type\":\"EntryPoint\",\"urlTemplate\":\"https:\\\/\\\/exaudi.org\\\/?s={search_term_string}\"},\"query-input\":{\"@type\":\"PropertyValueSpecification\",\"valueRequired\":true,\"valueName\":\"search_term_string\"}}],\"inLanguage\":\"it-IT\"}]}<\/script>\n<!-- \/ Yoast SEO plugin. -->","yoast_head_json":{"title":"FAQ &#8211; Exaudi","robots":{"index":"index","follow":"follow","max-snippet":"max-snippet:-1","max-image-preview":"max-image-preview:large","max-video-preview":"max-video-preview:-1"},"canonical":"https:\/\/exaudi.org\/it\/faq\/","og_locale":"it_IT","og_type":"article","og_title":"FAQ &#8211; Exaudi","og_description":"Cos\u2019\u00e8 Exaudi? EXAUDI \u00e8 un\u2019agenzia di notizie internazionale cattolica. EXAUDI \u00e8 un megafono della vita e delle attivit\u00e0 del Papa e della Chiesa, che cerca di far luce sui temi di attualit\u00e0 e sulle diverse realt\u00e0 che interessano la vita dell\u2019uomo nel mondo attraverso informazioni, opinioni e analisi. &nbsp; Chi pubblica Exaudi? Exaudi appartiene a [&hellip;]","og_url":"https:\/\/exaudi.org\/faq\/","og_site_name":"Exaudi","article_publisher":"https:\/\/www.facebook.com\/ExaudiNews","twitter_card":"summary_large_image","twitter_site":"@Exaudi_News","twitter_misc":{"Tempo di lettura stimato":"2 minuti"},"schema":{"@context":"https:\/\/schema.org","@graph":[{"@type":"WebPage","@id":"https:\/\/exaudi.org\/faq\/","url":"https:\/\/exaudi.org\/faq\/","name":"FAQ &#8211; Exaudi","isPartOf":{"@id":"https:\/\/exaudi.org\/#website"},"datePublished":"2021-11-16T17:00:23+00:00","breadcrumb":{"@id":"https:\/\/exaudi.org\/faq\/#breadcrumb"},"inLanguage":"it-IT","potentialAction":[{"@type":"ReadAction","target":["https:\/\/exaudi.org\/faq\/"]}]},{"@type":"BreadcrumbList","@id":"https:\/\/exaudi.org\/faq\/#breadcrumb","itemListElement":[{"@type":"ListItem","position":1,"name":"Portada","item":"https:\/\/exaudi.org\/it\/"},{"@type":"ListItem","position":2,"name":"FAQ"}]},{"@type":"WebSite","@id":"https:\/\/exaudi.org\/#website","url":"https:\/\/exaudi.org\/","name":"Exaudi","description":"News","potentialAction":[{"@type":"SearchAction","target":{"@type":"EntryPoint","urlTemplate":"https:\/\/exaudi.org\/?s={search_term_string}"},"query-input":{"@type":"PropertyValueSpecification","valueRequired":true,"valueName":"search_term_string"}}],"inLanguage":"it-IT"}]}},"jetpack_shortlink":"https:\/\/wp.me\/PgKjF2-awQ","_links":{"self":[{"href":"https:\/\/exaudi.org\/it\/wp-json\/wp\/v2\/pages\/40476","targetHints":{"allow":["GET"]}}],"collection":[{"href":"https:\/\/exaudi.org\/it\/wp-json\/wp\/v2\/pages"}],"about":[{"href":"https:\/\/exaudi.org\/it\/wp-json\/wp\/v2\/types\/page"}],"author":[{"embeddable":true,"href":"https:\/\/exaudi.org\/it\/wp-json\/wp\/v2\/users\/64"}],"replies":[{"embeddable":true,"href":"https:\/\/exaudi.org\/it\/wp-json\/wp\/v2\/comments?post=40476"}],"version-history":[{"count":0,"href":"https:\/\/exaudi.org\/it\/wp-json\/wp\/v2\/pages\/40476\/revisions"}],"wp:attachment":[{"href":"https:\/\/exaudi.org\/it\/wp-json\/wp\/v2\/media?parent=40476"}],"curies":[{"name":"wp","href":"https:\/\/api.w.org\/{rel}","templated":true}]}}