{"id":40513,"date":"2021-11-18T18:26:20","date_gmt":"2021-11-18T17:26:20","guid":{"rendered":"https:\/\/exaudi.wpengine.com\/?page_id=40513"},"modified":"2026-01-16T17:31:20","modified_gmt":"2026-01-16T16:31:20","slug":"bienvenido-a-exaudi","status":"publish","type":"page","link":"https:\/\/exaudi.org\/es\/bienvenido-a-exaudi\/","title":{"rendered":"Bienvenido a Exaudi"},"content":{"rendered":"<p>Bienvenido,<\/p>\n<p>Gracias por su inter\u00e9s en recibir informaci\u00f3n y formaci\u00f3n. Le hemos incluido en nuestra lista de distribuci\u00f3n y recibir\u00e1 por email las noticias de Exaudi muy pronto.<\/p>\n<p><em><strong>Para suscribirse puede escribir a info@exaudi.org Asunto: DAR DE ALTA, y su mail.<\/strong><\/em><\/p>\n<p>\u00bfDesea recibir noticias en otros idiomas?<\/p>\n<ul>\n<li><a href=\"\/it\/iscriviti\/\"><span class=\"tdm-btn-text\">Notizie del giorno (Italiano)<\/span><\/a><\/li>\n<li><a href=\"\/subscribe\"><span class=\"tdm-btn-text\">Daily Newsletter<\/span> (English)<\/a><\/li>\n<\/ul>\n<p>\u00bfDesea donar a Exaudi?<\/p>\n<p>Puede hacerlo en el siguiente <a href=\"https:\/\/donorbox.org\/exaudi-es\" target=\"_blank\" rel=\"noopener\">enlace<\/a><\/p>\n","protected":false},"excerpt":{"rendered":"<p>Bienvenido, Gracias por su inter\u00e9s en recibir informaci\u00f3n y formaci\u00f3n. Le hemos incluido en nuestra lista de distribuci\u00f3n y recibir\u00e1 por email las noticias de Exaudi muy pronto. Para suscribirse puede escribir a info@exaudi.org Asunto: DAR DE ALTA, y su mail. \u00bfDesea recibir noticias en otros idiomas? Notizie del giorno (Italiano) Daily Newsletter (English) \u00bfDesea [&hellip;]<\/p>\n","protected":false},"author":64,"featured_media":26800,"parent":0,"menu_order":0,"comment_status":"closed","ping_status":"closed","template":"","meta":{"_acf_changed":false,"_crdt_document":"","inline_featured_image":false,"footnotes":"","big_sky_generated":false},"class_list":["post-40513","page","type-page","status-publish","has-post-thumbnail","hentry"],"acf":[],"yoast_head":"<!-- This site is optimized with the Yoast SEO plugin v27.5 - https:\/\/yoast.com\/product\/yoast-seo-wordpress\/ -->\n<title>Bienvenido a Exaudi &#8211; Exaudi<\/title>\n<meta name=\"robots\" content=\"index, follow, max-snippet:-1, max-image-preview:large, max-video-preview:-1\" \/>\n<link rel=\"canonical\" href=\"https:\/\/exaudi.org\/es\/bienvenido-a-exaudi\/\" \/>\n<meta property=\"og:locale\" content=\"es_ES\" \/>\n<meta property=\"og:type\" content=\"article\" \/>\n<meta property=\"og:title\" content=\"Bienvenido a Exaudi &#8211; Exaudi\" \/>\n<meta property=\"og:description\" content=\"Bienvenido, Gracias por su inter\u00e9s en recibir informaci\u00f3n y formaci\u00f3n. Le hemos incluido en nuestra lista de distribuci\u00f3n y recibir\u00e1 por email las noticias de Exaudi muy pronto. Para suscribirse puede escribir a info@exaudi.org Asunto: DAR DE ALTA, y su mail. \u00bfDesea recibir noticias en otros idiomas? Notizie del giorno (Italiano) Daily Newsletter (English) \u00bfDesea [&hellip;]\" \/>\n<meta property=\"og:url\" content=\"https:\/\/exaudi.org\/es\/bienvenido-a-exaudi\/\" \/>\n<meta property=\"og:site_name\" content=\"Exaudi\" \/>\n<meta property=\"article:publisher\" content=\"https:\/\/www.facebook.com\/ExaudiNews\" \/>\n<meta property=\"article:modified_time\" content=\"2026-01-16T16:31:20+00:00\" \/>\n<meta property=\"og:image\" content=\"https:\/\/exaudi.org\/wp-content\/uploads\/2021\/07\/12c312-scaled.jpg\" \/>\n\t<meta property=\"og:image:width\" content=\"2560\" \/>\n\t<meta property=\"og:image:height\" content=\"1707\" \/>\n\t<meta property=\"og:image:type\" content=\"image\/jpeg\" \/>\n<meta name=\"twitter:card\" content=\"summary_large_image\" \/>\n<meta name=\"twitter:site\" content=\"@Exaudi_News\" \/>\n<meta name=\"twitter:label1\" content=\"Tiempo de lectura\" \/>\n\t<meta name=\"twitter:data1\" content=\"1 minuto\" \/>\n<script type=\"application\/ld+json\" class=\"yoast-schema-graph\">{\"@context\":\"https:\\\/\\\/schema.org\",\"@graph\":[{\"@type\":\"WebPage\",\"@id\":\"https:\\\/\\\/exaudi.org\\\/es\\\/bienvenido-a-exaudi\\\/\",\"url\":\"https:\\\/\\\/exaudi.org\\\/es\\\/bienvenido-a-exaudi\\\/\",\"name\":\"Bienvenido a Exaudi &#8211; Exaudi\",\"isPartOf\":{\"@id\":\"https:\\\/\\\/exaudi.org\\\/#website\"},\"primaryImageOfPage\":{\"@id\":\"https:\\\/\\\/exaudi.org\\\/es\\\/bienvenido-a-exaudi\\\/#primaryimage\"},\"image\":{\"@id\":\"https:\\\/\\\/exaudi.org\\\/es\\\/bienvenido-a-exaudi\\\/#primaryimage\"},\"thumbnailUrl\":\"https:\\\/\\\/exaudi.org\\\/wp-content\\\/uploads\\\/2021\\\/07\\\/12c312-scaled.jpg\",\"datePublished\":\"2021-11-18T17:26:20+00:00\",\"dateModified\":\"2026-01-16T16:31:20+00:00\",\"breadcrumb\":{\"@id\":\"https:\\\/\\\/exaudi.org\\\/es\\\/bienvenido-a-exaudi\\\/#breadcrumb\"},\"inLanguage\":\"es\",\"potentialAction\":[{\"@type\":\"ReadAction\",\"target\":[\"https:\\\/\\\/exaudi.org\\\/es\\\/bienvenido-a-exaudi\\\/\"]}]},{\"@type\":\"ImageObject\",\"inLanguage\":\"es\",\"@id\":\"https:\\\/\\\/exaudi.org\\\/es\\\/bienvenido-a-exaudi\\\/#primaryimage\",\"url\":\"https:\\\/\\\/exaudi.org\\\/wp-content\\\/uploads\\\/2021\\\/07\\\/12c312-scaled.jpg\",\"contentUrl\":\"https:\\\/\\\/exaudi.org\\\/wp-content\\\/uploads\\\/2021\\\/07\\\/12c312-scaled.jpg\",\"width\":2560,\"height\":1707,\"caption\":\"Manos unidas en Cristo \u00a9 Cathopic\"},{\"@type\":\"BreadcrumbList\",\"@id\":\"https:\\\/\\\/exaudi.org\\\/es\\\/bienvenido-a-exaudi\\\/#breadcrumb\",\"itemListElement\":[{\"@type\":\"ListItem\",\"position\":1,\"name\":\"Portada\",\"item\":\"https:\\\/\\\/exaudi.org\\\/es\\\/\"},{\"@type\":\"ListItem\",\"position\":2,\"name\":\"Bienvenido a Exaudi\"}]},{\"@type\":\"WebSite\",\"@id\":\"https:\\\/\\\/exaudi.org\\\/#website\",\"url\":\"https:\\\/\\\/exaudi.org\\\/\",\"name\":\"Exaudi\",\"description\":\"News\",\"potentialAction\":[{\"@type\":\"SearchAction\",\"target\":{\"@type\":\"EntryPoint\",\"urlTemplate\":\"https:\\\/\\\/exaudi.org\\\/?s={search_term_string}\"},\"query-input\":{\"@type\":\"PropertyValueSpecification\",\"valueRequired\":true,\"valueName\":\"search_term_string\"}}],\"inLanguage\":\"es\"}]}<\/script>\n<!-- \/ Yoast SEO plugin. -->","yoast_head_json":{"title":"Bienvenido a Exaudi &#8211; Exaudi","robots":{"index":"index","follow":"follow","max-snippet":"max-snippet:-1","max-image-preview":"max-image-preview:large","max-video-preview":"max-video-preview:-1"},"canonical":"https:\/\/exaudi.org\/es\/bienvenido-a-exaudi\/","og_locale":"es_ES","og_type":"article","og_title":"Bienvenido a Exaudi &#8211; Exaudi","og_description":"Bienvenido, Gracias por su inter\u00e9s en recibir informaci\u00f3n y formaci\u00f3n. Le hemos incluido en nuestra lista de distribuci\u00f3n y recibir\u00e1 por email las noticias de Exaudi muy pronto. Para suscribirse puede escribir a info@exaudi.org Asunto: DAR DE ALTA, y su mail. \u00bfDesea recibir noticias en otros idiomas? Notizie del giorno (Italiano) Daily Newsletter (English) \u00bfDesea [&hellip;]","og_url":"https:\/\/exaudi.org\/es\/bienvenido-a-exaudi\/","og_site_name":"Exaudi","article_publisher":"https:\/\/www.facebook.com\/ExaudiNews","article_modified_time":"2026-01-16T16:31:20+00:00","og_image":[{"width":2560,"height":1707,"url":"https:\/\/exaudi.org\/wp-content\/uploads\/2021\/07\/12c312-scaled.jpg","type":"image\/jpeg"}],"twitter_card":"summary_large_image","twitter_site":"@Exaudi_News","twitter_misc":{"Tiempo de lectura":"1 minuto"},"schema":{"@context":"https:\/\/schema.org","@graph":[{"@type":"WebPage","@id":"https:\/\/exaudi.org\/es\/bienvenido-a-exaudi\/","url":"https:\/\/exaudi.org\/es\/bienvenido-a-exaudi\/","name":"Bienvenido a Exaudi &#8211; Exaudi","isPartOf":{"@id":"https:\/\/exaudi.org\/#website"},"primaryImageOfPage":{"@id":"https:\/\/exaudi.org\/es\/bienvenido-a-exaudi\/#primaryimage"},"image":{"@id":"https:\/\/exaudi.org\/es\/bienvenido-a-exaudi\/#primaryimage"},"thumbnailUrl":"https:\/\/exaudi.org\/wp-content\/uploads\/2021\/07\/12c312-scaled.jpg","datePublished":"2021-11-18T17:26:20+00:00","dateModified":"2026-01-16T16:31:20+00:00","breadcrumb":{"@id":"https:\/\/exaudi.org\/es\/bienvenido-a-exaudi\/#breadcrumb"},"inLanguage":"es","potentialAction":[{"@type":"ReadAction","target":["https:\/\/exaudi.org\/es\/bienvenido-a-exaudi\/"]}]},{"@type":"ImageObject","inLanguage":"es","@id":"https:\/\/exaudi.org\/es\/bienvenido-a-exaudi\/#primaryimage","url":"https:\/\/exaudi.org\/wp-content\/uploads\/2021\/07\/12c312-scaled.jpg","contentUrl":"https:\/\/exaudi.org\/wp-content\/uploads\/2021\/07\/12c312-scaled.jpg","width":2560,"height":1707,"caption":"Manos unidas en Cristo \u00a9 Cathopic"},{"@type":"BreadcrumbList","@id":"https:\/\/exaudi.org\/es\/bienvenido-a-exaudi\/#breadcrumb","itemListElement":[{"@type":"ListItem","position":1,"name":"Portada","item":"https:\/\/exaudi.org\/es\/"},{"@type":"ListItem","position":2,"name":"Bienvenido a Exaudi"}]},{"@type":"WebSite","@id":"https:\/\/exaudi.org\/#website","url":"https:\/\/exaudi.org\/","name":"Exaudi","description":"News","potentialAction":[{"@type":"SearchAction","target":{"@type":"EntryPoint","urlTemplate":"https:\/\/exaudi.org\/?s={search_term_string}"},"query-input":{"@type":"PropertyValueSpecification","valueRequired":true,"valueName":"search_term_string"}}],"inLanguage":"es"}]}},"jetpack_shortlink":"https:\/\/wp.me\/PgKjF2-axr","_links":{"self":[{"href":"https:\/\/exaudi.org\/es\/wp-json\/wp\/v2\/pages\/40513","targetHints":{"allow":["GET"]}}],"collection":[{"href":"https:\/\/exaudi.org\/es\/wp-json\/wp\/v2\/pages"}],"about":[{"href":"https:\/\/exaudi.org\/es\/wp-json\/wp\/v2\/types\/page"}],"author":[{"embeddable":true,"href":"https:\/\/exaudi.org\/es\/wp-json\/wp\/v2\/users\/64"}],"replies":[{"embeddable":true,"href":"https:\/\/exaudi.org\/es\/wp-json\/wp\/v2\/comments?post=40513"}],"version-history":[{"count":1,"href":"https:\/\/exaudi.org\/es\/wp-json\/wp\/v2\/pages\/40513\/revisions"}],"predecessor-version":[{"id":154028,"href":"https:\/\/exaudi.org\/es\/wp-json\/wp\/v2\/pages\/40513\/revisions\/154028"}],"wp:featuredmedia":[{"embeddable":true,"href":"https:\/\/exaudi.org\/es\/wp-json\/wp\/v2\/media\/26800"}],"wp:attachment":[{"href":"https:\/\/exaudi.org\/es\/wp-json\/wp\/v2\/media?parent=40513"}],"curies":[{"name":"wp","href":"https:\/\/api.w.org\/{rel}","templated":true}]}}