{"id":40475,"date":"2021-11-16T17:59:04","date_gmt":"2021-11-16T16:59:04","guid":{"rendered":"https:\/\/exaudi.wpengine.com\/?page_id=40475"},"modified":"2024-03-04T14:22:35","modified_gmt":"2024-03-04T13:22:35","slug":"preguntas-frecuentes","status":"publish","type":"page","link":"https:\/\/exaudi.org\/es\/preguntas-frecuentes\/","title":{"rendered":"Preguntas frecuentes"},"content":{"rendered":"<p><strong>\u00bfQu\u00e9 es Exaudi?<\/strong><\/p>\n<p>EXAUDI es una agencia de noticias internacional cat\u00f3lica. EXAUDI es un altavoz de la vida y actividades de la Iglesia, tratando de dar luz a los temas actuales y a las distintas realidades que afectan a la vida del hombre en el mundo a trav\u00e9s de sus informaciones, opiniones y an\u00e1lisis.<\/p>\n<p>&nbsp;<\/p>\n<p><strong>\u00bfQui\u00e9n publica Exaudi?<\/strong><\/p>\n<p>Exaudi pertenece a Exaudi NFP, una organizaci\u00f3n sin fines de lucro, en proceso de aplicaci\u00f3n, con sede en Florida. Exaudi NFP tambi\u00e9n es el propietario de este sitio web y posee los derechos de autor de todos los art\u00edculos publicados en \u00e9l, excepto aquellos que tienen un derecho de autor diferente expl\u00edcitamente indicado.<\/p>\n<p>Exaudi es una agencia de noticias independiente.<\/p>\n<p>&nbsp;<\/p>\n<p><strong>\u00bfCu\u00e1l es la misi\u00f3n de Exaudi?<\/strong><\/p>\n<p>La finalidad de Exaudi es la evangelizaci\u00f3n del mundo. Exaudi nace para fortalecer la unidad de la Iglesia.<\/p>\n<p>A trav\u00e9s de nuestras noticias y art\u00edculos cubrimos para usted los temas actuales y las distintas realidades que afectan a la vida del hombre en el mundo.<\/p>\n<p>&nbsp;<\/p>\n<p><strong>\u00bfCu\u00e1ndo empez\u00f3 Exaudi?<\/strong><\/p>\n<p>En marzo de 2021. Formado por un equipo de profesionales con experiencia en medios de comunicaci\u00f3n cat\u00f3licos, convencidos de la necesidad de contar con rigor las noticias de la Iglesia. Y siempre con la misma lealtad que la Iglesia merece como cat\u00f3licos que somos y formamos este equipo.<\/p>\n<p>Exaudi nace de la mano de un equipo directivo convencido de la necesidad de un medio fiel a la doctrina social de la Iglesia, que aporte voces y an\u00e1lisis a las cuestiones fundamentales del ser humano desde la \u00f3ptica de la Iglesia.<\/p>\n<p>Contacto: info@exaudi.org<\/p>\n<p>&nbsp;<\/p>\n<p><strong>\u00bfQui\u00e9n financia Exaudi?<\/strong><\/p>\n<p>La recepci\u00f3n y uso personal de Exaudi es totalmente gratuita.<\/p>\n<p>Aquellos que quieran utilizar Exaudi profesionalmente (servicios de informaci\u00f3n y organizaciones) deben solicitar el permiso de publicaci\u00f3n previamente en el siguiente enlace info@exaudi.org, indicando siempre la fuente exaudi.org y el nombre del autor del art\u00edculo.<\/p>\n<p>A\u00fan as\u00ed, dado que nuestra prioridad es difundir esta informaci\u00f3n, estamos dispuestos a negociar tarifas y adaptarnos a cada situaci\u00f3n.<\/p>\n<p>Exaudi ser\u00e1 sostenida por sus lectores, y por aquellos empresarios comprometidos con la verdad y la evangelizaci\u00f3n.<\/p>\n","protected":false},"excerpt":{"rendered":"<p>\u00bfQu\u00e9 es Exaudi? EXAUDI es una agencia de noticias internacional cat\u00f3lica. EXAUDI es un altavoz de la vida y actividades de la Iglesia, tratando de dar luz a los temas actuales y a las distintas realidades que afectan a la vida del hombre en el mundo a trav\u00e9s de sus informaciones, opiniones y an\u00e1lisis. &nbsp; [&hellip;]<\/p>\n","protected":false},"author":64,"featured_media":0,"parent":0,"menu_order":0,"comment_status":"closed","ping_status":"closed","template":"","meta":{"_acf_changed":false,"_crdt_document":"","inline_featured_image":false,"footnotes":"","big_sky_generated":false},"class_list":["post-40475","page","type-page","status-publish","hentry"],"acf":[],"yoast_head":"<!-- This site is optimized with the Yoast SEO plugin v27.4 - https:\/\/yoast.com\/product\/yoast-seo-wordpress\/ -->\n<title>Preguntas frecuentes &#8211; Exaudi<\/title>\n<meta name=\"robots\" content=\"index, follow, max-snippet:-1, max-image-preview:large, max-video-preview:-1\" \/>\n<link rel=\"canonical\" href=\"https:\/\/exaudi.org\/es\/faq\/\" \/>\n<meta property=\"og:locale\" content=\"es_ES\" \/>\n<meta property=\"og:type\" content=\"article\" \/>\n<meta property=\"og:title\" content=\"Preguntas frecuentes &#8211; Exaudi\" \/>\n<meta property=\"og:description\" content=\"\u00bfQu\u00e9 es Exaudi? EXAUDI es una agencia de noticias internacional cat\u00f3lica. EXAUDI es un altavoz de la vida y actividades de la Iglesia, tratando de dar luz a los temas actuales y a las distintas realidades que afectan a la vida del hombre en el mundo a trav\u00e9s de sus informaciones, opiniones y an\u00e1lisis. &nbsp; [&hellip;]\" \/>\n<meta property=\"og:url\" content=\"https:\/\/exaudi.org\/faq\/\" \/>\n<meta property=\"og:site_name\" content=\"Exaudi\" \/>\n<meta property=\"article:publisher\" content=\"https:\/\/www.facebook.com\/ExaudiNews\" \/>\n<meta property=\"article:modified_time\" content=\"2024-03-04T13:22:35+00:00\" \/>\n<meta name=\"twitter:card\" content=\"summary_large_image\" \/>\n<meta name=\"twitter:site\" content=\"@Exaudi_News\" \/>\n<meta name=\"twitter:label1\" content=\"Tiempo de lectura\" \/>\n\t<meta name=\"twitter:data1\" content=\"2 minutos\" \/>\n<script type=\"application\/ld+json\" class=\"yoast-schema-graph\">{\"@context\":\"https:\\\/\\\/schema.org\",\"@graph\":[{\"@type\":\"WebPage\",\"@id\":\"https:\\\/\\\/exaudi.org\\\/faq\\\/\",\"url\":\"https:\\\/\\\/exaudi.org\\\/faq\\\/\",\"name\":\"Preguntas frecuentes &#8211; Exaudi\",\"isPartOf\":{\"@id\":\"https:\\\/\\\/exaudi.org\\\/#website\"},\"datePublished\":\"2021-11-16T16:59:04+00:00\",\"dateModified\":\"2024-03-04T13:22:35+00:00\",\"breadcrumb\":{\"@id\":\"https:\\\/\\\/exaudi.org\\\/faq\\\/#breadcrumb\"},\"inLanguage\":\"es\",\"potentialAction\":[{\"@type\":\"ReadAction\",\"target\":[\"https:\\\/\\\/exaudi.org\\\/faq\\\/\"]}]},{\"@type\":\"BreadcrumbList\",\"@id\":\"https:\\\/\\\/exaudi.org\\\/faq\\\/#breadcrumb\",\"itemListElement\":[{\"@type\":\"ListItem\",\"position\":1,\"name\":\"Portada\",\"item\":\"https:\\\/\\\/exaudi.org\\\/es\\\/\"},{\"@type\":\"ListItem\",\"position\":2,\"name\":\"Preguntas frecuentes\"}]},{\"@type\":\"WebSite\",\"@id\":\"https:\\\/\\\/exaudi.org\\\/#website\",\"url\":\"https:\\\/\\\/exaudi.org\\\/\",\"name\":\"Exaudi\",\"description\":\"News\",\"potentialAction\":[{\"@type\":\"SearchAction\",\"target\":{\"@type\":\"EntryPoint\",\"urlTemplate\":\"https:\\\/\\\/exaudi.org\\\/?s={search_term_string}\"},\"query-input\":{\"@type\":\"PropertyValueSpecification\",\"valueRequired\":true,\"valueName\":\"search_term_string\"}}],\"inLanguage\":\"es\"}]}<\/script>\n<!-- \/ Yoast SEO plugin. -->","yoast_head_json":{"title":"Preguntas frecuentes &#8211; Exaudi","robots":{"index":"index","follow":"follow","max-snippet":"max-snippet:-1","max-image-preview":"max-image-preview:large","max-video-preview":"max-video-preview:-1"},"canonical":"https:\/\/exaudi.org\/es\/faq\/","og_locale":"es_ES","og_type":"article","og_title":"Preguntas frecuentes &#8211; Exaudi","og_description":"\u00bfQu\u00e9 es Exaudi? EXAUDI es una agencia de noticias internacional cat\u00f3lica. EXAUDI es un altavoz de la vida y actividades de la Iglesia, tratando de dar luz a los temas actuales y a las distintas realidades que afectan a la vida del hombre en el mundo a trav\u00e9s de sus informaciones, opiniones y an\u00e1lisis. &nbsp; [&hellip;]","og_url":"https:\/\/exaudi.org\/faq\/","og_site_name":"Exaudi","article_publisher":"https:\/\/www.facebook.com\/ExaudiNews","article_modified_time":"2024-03-04T13:22:35+00:00","twitter_card":"summary_large_image","twitter_site":"@Exaudi_News","twitter_misc":{"Tiempo de lectura":"2 minutos"},"schema":{"@context":"https:\/\/schema.org","@graph":[{"@type":"WebPage","@id":"https:\/\/exaudi.org\/faq\/","url":"https:\/\/exaudi.org\/faq\/","name":"Preguntas frecuentes &#8211; Exaudi","isPartOf":{"@id":"https:\/\/exaudi.org\/#website"},"datePublished":"2021-11-16T16:59:04+00:00","dateModified":"2024-03-04T13:22:35+00:00","breadcrumb":{"@id":"https:\/\/exaudi.org\/faq\/#breadcrumb"},"inLanguage":"es","potentialAction":[{"@type":"ReadAction","target":["https:\/\/exaudi.org\/faq\/"]}]},{"@type":"BreadcrumbList","@id":"https:\/\/exaudi.org\/faq\/#breadcrumb","itemListElement":[{"@type":"ListItem","position":1,"name":"Portada","item":"https:\/\/exaudi.org\/es\/"},{"@type":"ListItem","position":2,"name":"Preguntas frecuentes"}]},{"@type":"WebSite","@id":"https:\/\/exaudi.org\/#website","url":"https:\/\/exaudi.org\/","name":"Exaudi","description":"News","potentialAction":[{"@type":"SearchAction","target":{"@type":"EntryPoint","urlTemplate":"https:\/\/exaudi.org\/?s={search_term_string}"},"query-input":{"@type":"PropertyValueSpecification","valueRequired":true,"valueName":"search_term_string"}}],"inLanguage":"es"}]}},"jetpack_shortlink":"https:\/\/wp.me\/PgKjF2-awP","_links":{"self":[{"href":"https:\/\/exaudi.org\/es\/wp-json\/wp\/v2\/pages\/40475","targetHints":{"allow":["GET"]}}],"collection":[{"href":"https:\/\/exaudi.org\/es\/wp-json\/wp\/v2\/pages"}],"about":[{"href":"https:\/\/exaudi.org\/es\/wp-json\/wp\/v2\/types\/page"}],"author":[{"embeddable":true,"href":"https:\/\/exaudi.org\/es\/wp-json\/wp\/v2\/users\/64"}],"replies":[{"embeddable":true,"href":"https:\/\/exaudi.org\/es\/wp-json\/wp\/v2\/comments?post=40475"}],"version-history":[{"count":0,"href":"https:\/\/exaudi.org\/es\/wp-json\/wp\/v2\/pages\/40475\/revisions"}],"wp:attachment":[{"href":"https:\/\/exaudi.org\/es\/wp-json\/wp\/v2\/media?parent=40475"}],"curies":[{"name":"wp","href":"https:\/\/api.w.org\/{rel}","templated":true}]}}