{"id":40473,"date":"2021-11-16T17:56:23","date_gmt":"2021-11-16T16:56:23","guid":{"rendered":"https:\/\/exaudi.wpengine.com\/?page_id=40473"},"modified":"2025-10-08T19:20:23","modified_gmt":"2025-10-08T17:20:23","slug":"organizacion","status":"publish","type":"page","link":"https:\/\/exaudi.org\/es\/organizacion\/","title":{"rendered":"Organizaci\u00f3n"},"content":{"rendered":"<p><img loading=\"lazy\" decoding=\"async\" class=\"alignleft wp-image-122915\" src=\"https:\/\/exaudi.org\/wp-content\/uploads\/2025\/04\/Logo-para-web-movil.png\" alt=\"Logo \" width=\"157\" height=\"50\" srcset=\"https:\/\/exaudi.org\/wp-content\/uploads\/2025\/04\/Logo-para-web-movil.png 1168w, https:\/\/exaudi.org\/wp-content\/uploads\/2025\/04\/Logo-para-web-movil-300x95.png 300w, https:\/\/exaudi.org\/wp-content\/uploads\/2025\/04\/Logo-para-web-movil-1024x325.png 1024w, https:\/\/exaudi.org\/wp-content\/uploads\/2025\/04\/Logo-para-web-movil-770x245.png 770w, https:\/\/exaudi.org\/wp-content\/uploads\/2025\/04\/Logo-para-web-movil-500x159.png 500w\" sizes=\"auto, (max-width: 157px) 100vw, 157px\" \/>La marca Exaudi pertenece a Exaudi NFP, una organizaci\u00f3n sin fines de lucro en los Estados Unidos de Am\u00e9rica. VAT, 86-1607922.<\/p>\n<p>&nbsp;<\/p>\n<p>Lleva a cabo sus actividades en todo el mundo, y nuestro \u00fanico l\u00edmite es internet. La iniciativa es impulsada por un grupo de cat\u00f3licos convencidos de la necesidad de un medio fiel a la doctrina social de la Iglesia, que aporte argumentos y an\u00e1lisis a las cuestiones fundamentales del ser humano desde la \u00f3ptica de la Iglesia.<\/p>\n<p>Si necesita cualquier informaci\u00f3n adicional puede escribir a info@exaudi.org<\/p>\n<p><strong>Presidente de Exaudi NFP<\/strong><\/p>\n<p><img loading=\"lazy\" decoding=\"async\" class=\"size-full wp-image-122905 alignnone\" src=\"https:\/\/exaudi.org\/wp-content\/uploads\/2025\/04\/Lizardo-Vargas-Revilla.png\" alt=\"\" width=\"225\" height=\"224\" srcset=\"https:\/\/exaudi.org\/wp-content\/uploads\/2025\/04\/Lizardo-Vargas-Revilla.png 225w, https:\/\/exaudi.org\/wp-content\/uploads\/2025\/04\/Lizardo-Vargas-Revilla-100x100.png?crop=1 100w\" sizes=\"auto, (max-width: 225px) 100vw, 225px\" \/><\/p>\n<p><a href=\"https:\/\/www.linkedin.com\/in\/lizardovargasrevilla\/?original_referer=https%3A%2F%2Fwww%2Egoogle%2Ecom%2F&amp;originalSubdomain=pe\" target=\"_blank\" rel=\"noopener\">Lizardo Vargas<\/a><\/p>\n<p><em>Presidente Ejecutivo, Valinvest<\/em>\u00a0\u00b7 Experiencia en la administraci\u00f3n de inversiones y en el planeamiento estrat\u00e9gico en empresas.<\/p>\n<p>&nbsp;<\/p>\n<p><strong>CEO de Exaudi<\/strong><\/p>\n<p><img loading=\"lazy\" decoding=\"async\" class=\" wp-image-122908 alignnone\" src=\"https:\/\/exaudi.org\/wp-content\/uploads\/2025\/04\/unnamed.jpg\" alt=\"\" width=\"231\" height=\"231\" srcset=\"https:\/\/exaudi.org\/wp-content\/uploads\/2025\/04\/unnamed.jpg 288w, https:\/\/exaudi.org\/wp-content\/uploads\/2025\/04\/unnamed-100x100.jpg?crop=1 100w\" sizes=\"auto, (max-width: 231px) 100vw, 231px\" \/><\/p>\n<p><a href=\"https:\/\/www.linkedin.com\/in\/alberto-ram%C3%ADrez-puig-596b3110\/\" target=\"_blank\" rel=\"noopener\">Alberto Ram\u00edrez<\/a><\/p>\n<p>&nbsp;<\/p>\n<p><strong>Coordinadora Editorial<\/strong><\/p>\n<p><img loading=\"lazy\" decoding=\"async\" class=\" wp-image-122911 alignnone\" src=\"https:\/\/exaudi.org\/wp-content\/uploads\/2025\/04\/Raquel-Anillo-263x300-1.jpg\" alt=\"\" width=\"224\" height=\"256\" \/><\/p>\n<p>Raquel Anillo<\/p>\n<blockquote class=\"wp-embedded-content\" data-secret=\"1MxtJ2BptK\"><p><a href=\"https:\/\/exaudi.org\/es\/sobre-nosotros\/\">Sobre nosotros<\/a><\/p><\/blockquote>\n<p><iframe loading=\"lazy\" class=\"wp-embedded-content\" sandbox=\"allow-scripts\" security=\"restricted\" style=\"position: absolute; visibility: hidden;\" title=\"\u00abSobre nosotros\u00bb \u2014 Exaudi\" src=\"https:\/\/exaudi.org\/es\/sobre-nosotros\/embed\/#?secret=6Tuho9w64X#?secret=1MxtJ2BptK\" data-secret=\"1MxtJ2BptK\" width=\"500\" height=\"282\" frameborder=\"0\" marginwidth=\"0\" marginheight=\"0\" scrolling=\"no\"><\/iframe><\/p>\n<blockquote class=\"wp-embedded-content\" data-secret=\"fZlsmOXdc9\"><p><a href=\"https:\/\/exaudi.org\/es\/copyright\/\">Copyright<\/a><\/p><\/blockquote>\n<p><iframe loading=\"lazy\" class=\"wp-embedded-content\" sandbox=\"allow-scripts\" security=\"restricted\" style=\"position: absolute; visibility: hidden;\" title=\"\u00abCopyright\u00bb \u2014 Exaudi\" src=\"https:\/\/exaudi.org\/es\/copyright\/embed\/#?secret=2ukJs6Gsxd#?secret=fZlsmOXdc9\" data-secret=\"fZlsmOXdc9\" width=\"500\" height=\"282\" frameborder=\"0\" marginwidth=\"0\" marginheight=\"0\" scrolling=\"no\"><\/iframe><\/p>\n","protected":false},"excerpt":{"rendered":"<p>La marca Exaudi pertenece a Exaudi NFP, una organizaci\u00f3n sin fines de lucro en los Estados Unidos de Am\u00e9rica. VAT, 86-1607922. &nbsp; Lleva a cabo sus actividades en todo el mundo, y nuestro \u00fanico l\u00edmite es internet. La iniciativa es impulsada por un grupo de cat\u00f3licos convencidos de la necesidad de un medio fiel a [&hellip;]<\/p>\n","protected":false},"author":64,"featured_media":0,"parent":0,"menu_order":0,"comment_status":"closed","ping_status":"closed","template":"","meta":{"_acf_changed":false,"_crdt_document":"","inline_featured_image":false,"footnotes":"","big_sky_generated":false},"class_list":["post-40473","page","type-page","status-publish","hentry"],"acf":[],"yoast_head":"<!-- This site is optimized with the Yoast SEO plugin v27.5 - https:\/\/yoast.com\/product\/yoast-seo-wordpress\/ -->\n<title>Organizaci\u00f3n &#8211; Exaudi<\/title>\n<meta name=\"robots\" content=\"index, follow, max-snippet:-1, max-image-preview:large, max-video-preview:-1\" \/>\n<link rel=\"canonical\" href=\"https:\/\/exaudi.org\/es\/organizacion\/\" \/>\n<meta property=\"og:locale\" content=\"es_ES\" \/>\n<meta property=\"og:type\" content=\"article\" \/>\n<meta property=\"og:title\" content=\"Organizaci\u00f3n &#8211; Exaudi\" \/>\n<meta property=\"og:description\" content=\"La marca Exaudi pertenece a Exaudi NFP, una organizaci\u00f3n sin fines de lucro en los Estados Unidos de Am\u00e9rica. VAT, 86-1607922. &nbsp; Lleva a cabo sus actividades en todo el mundo, y nuestro \u00fanico l\u00edmite es internet. La iniciativa es impulsada por un grupo de cat\u00f3licos convencidos de la necesidad de un medio fiel a [&hellip;]\" \/>\n<meta property=\"og:url\" content=\"https:\/\/exaudi.org\/es\/organizacion\/\" \/>\n<meta property=\"og:site_name\" content=\"Exaudi\" \/>\n<meta property=\"article:publisher\" content=\"https:\/\/www.facebook.com\/ExaudiNews\" \/>\n<meta property=\"article:modified_time\" content=\"2025-10-08T17:20:23+00:00\" \/>\n<meta property=\"og:image\" content=\"https:\/\/exaudi.org\/wp-content\/uploads\/2025\/04\/Logo-para-web-movil.png\" \/>\n\t<meta property=\"og:image:width\" content=\"1168\" \/>\n\t<meta property=\"og:image:height\" content=\"371\" \/>\n\t<meta property=\"og:image:type\" content=\"image\/png\" \/>\n<meta name=\"twitter:card\" content=\"summary_large_image\" \/>\n<meta name=\"twitter:site\" content=\"@Exaudi_News\" \/>\n<meta name=\"twitter:label1\" content=\"Tiempo de lectura\" \/>\n\t<meta name=\"twitter:data1\" content=\"1 minuto\" \/>\n<script type=\"application\/ld+json\" class=\"yoast-schema-graph\">{\"@context\":\"https:\\\/\\\/schema.org\",\"@graph\":[{\"@type\":\"WebPage\",\"@id\":\"https:\\\/\\\/exaudi.org\\\/es\\\/organizacion\\\/\",\"url\":\"https:\\\/\\\/exaudi.org\\\/es\\\/organizacion\\\/\",\"name\":\"Organizaci\u00f3n &#8211; Exaudi\",\"isPartOf\":{\"@id\":\"https:\\\/\\\/exaudi.org\\\/#website\"},\"primaryImageOfPage\":{\"@id\":\"https:\\\/\\\/exaudi.org\\\/es\\\/organizacion\\\/#primaryimage\"},\"image\":{\"@id\":\"https:\\\/\\\/exaudi.org\\\/es\\\/organizacion\\\/#primaryimage\"},\"thumbnailUrl\":\"https:\\\/\\\/exaudi.org\\\/wp-content\\\/uploads\\\/2025\\\/04\\\/Logo-para-web-movil.png\",\"datePublished\":\"2021-11-16T16:56:23+00:00\",\"dateModified\":\"2025-10-08T17:20:23+00:00\",\"breadcrumb\":{\"@id\":\"https:\\\/\\\/exaudi.org\\\/es\\\/organizacion\\\/#breadcrumb\"},\"inLanguage\":\"es\",\"potentialAction\":[{\"@type\":\"ReadAction\",\"target\":[\"https:\\\/\\\/exaudi.org\\\/es\\\/organizacion\\\/\"]}]},{\"@type\":\"ImageObject\",\"inLanguage\":\"es\",\"@id\":\"https:\\\/\\\/exaudi.org\\\/es\\\/organizacion\\\/#primaryimage\",\"url\":\"https:\\\/\\\/exaudi.org\\\/wp-content\\\/uploads\\\/2025\\\/04\\\/Logo-para-web-movil.png\",\"contentUrl\":\"https:\\\/\\\/exaudi.org\\\/wp-content\\\/uploads\\\/2025\\\/04\\\/Logo-para-web-movil.png\"},{\"@type\":\"BreadcrumbList\",\"@id\":\"https:\\\/\\\/exaudi.org\\\/es\\\/organizacion\\\/#breadcrumb\",\"itemListElement\":[{\"@type\":\"ListItem\",\"position\":1,\"name\":\"Portada\",\"item\":\"https:\\\/\\\/exaudi.org\\\/es\\\/\"},{\"@type\":\"ListItem\",\"position\":2,\"name\":\"Organizaci\u00f3n\"}]},{\"@type\":\"WebSite\",\"@id\":\"https:\\\/\\\/exaudi.org\\\/#website\",\"url\":\"https:\\\/\\\/exaudi.org\\\/\",\"name\":\"Exaudi\",\"description\":\"News\",\"potentialAction\":[{\"@type\":\"SearchAction\",\"target\":{\"@type\":\"EntryPoint\",\"urlTemplate\":\"https:\\\/\\\/exaudi.org\\\/?s={search_term_string}\"},\"query-input\":{\"@type\":\"PropertyValueSpecification\",\"valueRequired\":true,\"valueName\":\"search_term_string\"}}],\"inLanguage\":\"es\"}]}<\/script>\n<!-- \/ Yoast SEO plugin. -->","yoast_head_json":{"title":"Organizaci\u00f3n &#8211; Exaudi","robots":{"index":"index","follow":"follow","max-snippet":"max-snippet:-1","max-image-preview":"max-image-preview:large","max-video-preview":"max-video-preview:-1"},"canonical":"https:\/\/exaudi.org\/es\/organizacion\/","og_locale":"es_ES","og_type":"article","og_title":"Organizaci\u00f3n &#8211; Exaudi","og_description":"La marca Exaudi pertenece a Exaudi NFP, una organizaci\u00f3n sin fines de lucro en los Estados Unidos de Am\u00e9rica. VAT, 86-1607922. &nbsp; Lleva a cabo sus actividades en todo el mundo, y nuestro \u00fanico l\u00edmite es internet. La iniciativa es impulsada por un grupo de cat\u00f3licos convencidos de la necesidad de un medio fiel a [&hellip;]","og_url":"https:\/\/exaudi.org\/es\/organizacion\/","og_site_name":"Exaudi","article_publisher":"https:\/\/www.facebook.com\/ExaudiNews","article_modified_time":"2025-10-08T17:20:23+00:00","og_image":[{"width":1168,"height":371,"url":"https:\/\/exaudi.org\/wp-content\/uploads\/2025\/04\/Logo-para-web-movil.png","type":"image\/png"}],"twitter_card":"summary_large_image","twitter_site":"@Exaudi_News","twitter_misc":{"Tiempo de lectura":"1 minuto"},"schema":{"@context":"https:\/\/schema.org","@graph":[{"@type":"WebPage","@id":"https:\/\/exaudi.org\/es\/organizacion\/","url":"https:\/\/exaudi.org\/es\/organizacion\/","name":"Organizaci\u00f3n &#8211; Exaudi","isPartOf":{"@id":"https:\/\/exaudi.org\/#website"},"primaryImageOfPage":{"@id":"https:\/\/exaudi.org\/es\/organizacion\/#primaryimage"},"image":{"@id":"https:\/\/exaudi.org\/es\/organizacion\/#primaryimage"},"thumbnailUrl":"https:\/\/exaudi.org\/wp-content\/uploads\/2025\/04\/Logo-para-web-movil.png","datePublished":"2021-11-16T16:56:23+00:00","dateModified":"2025-10-08T17:20:23+00:00","breadcrumb":{"@id":"https:\/\/exaudi.org\/es\/organizacion\/#breadcrumb"},"inLanguage":"es","potentialAction":[{"@type":"ReadAction","target":["https:\/\/exaudi.org\/es\/organizacion\/"]}]},{"@type":"ImageObject","inLanguage":"es","@id":"https:\/\/exaudi.org\/es\/organizacion\/#primaryimage","url":"https:\/\/exaudi.org\/wp-content\/uploads\/2025\/04\/Logo-para-web-movil.png","contentUrl":"https:\/\/exaudi.org\/wp-content\/uploads\/2025\/04\/Logo-para-web-movil.png"},{"@type":"BreadcrumbList","@id":"https:\/\/exaudi.org\/es\/organizacion\/#breadcrumb","itemListElement":[{"@type":"ListItem","position":1,"name":"Portada","item":"https:\/\/exaudi.org\/es\/"},{"@type":"ListItem","position":2,"name":"Organizaci\u00f3n"}]},{"@type":"WebSite","@id":"https:\/\/exaudi.org\/#website","url":"https:\/\/exaudi.org\/","name":"Exaudi","description":"News","potentialAction":[{"@type":"SearchAction","target":{"@type":"EntryPoint","urlTemplate":"https:\/\/exaudi.org\/?s={search_term_string}"},"query-input":{"@type":"PropertyValueSpecification","valueRequired":true,"valueName":"search_term_string"}}],"inLanguage":"es"}]}},"jetpack_shortlink":"https:\/\/wp.me\/PgKjF2-awN","_links":{"self":[{"href":"https:\/\/exaudi.org\/es\/wp-json\/wp\/v2\/pages\/40473","targetHints":{"allow":["GET"]}}],"collection":[{"href":"https:\/\/exaudi.org\/es\/wp-json\/wp\/v2\/pages"}],"about":[{"href":"https:\/\/exaudi.org\/es\/wp-json\/wp\/v2\/types\/page"}],"author":[{"embeddable":true,"href":"https:\/\/exaudi.org\/es\/wp-json\/wp\/v2\/users\/64"}],"replies":[{"embeddable":true,"href":"https:\/\/exaudi.org\/es\/wp-json\/wp\/v2\/comments?post=40473"}],"version-history":[{"count":2,"href":"https:\/\/exaudi.org\/es\/wp-json\/wp\/v2\/pages\/40473\/revisions"}],"predecessor-version":[{"id":139380,"href":"https:\/\/exaudi.org\/es\/wp-json\/wp\/v2\/pages\/40473\/revisions\/139380"}],"wp:attachment":[{"href":"https:\/\/exaudi.org\/es\/wp-json\/wp\/v2\/media?parent=40473"}],"curies":[{"name":"wp","href":"https:\/\/api.w.org\/{rel}","templated":true}]}}