{"id":40461,"date":"2021-11-16T17:47:42","date_gmt":"2021-11-16T16:47:42","guid":{"rendered":"https:\/\/exaudi.wpengine.com\/?page_id=40461"},"modified":"2025-04-03T10:27:55","modified_gmt":"2025-04-03T08:27:55","slug":"sobre-nosotros","status":"publish","type":"page","link":"https:\/\/exaudi.org\/es\/sobre-nosotros\/","title":{"rendered":"Sobre nosotros"},"content":{"rendered":"<h3><strong>Cap\u00edtulo 1: La finalidad de Exaudi<\/strong><\/h3>\n<p>Exaudi es una agencia de noticias internacional cat\u00f3lica.<\/p>\n<p>Exaudi es un altavoz de la vida y actividades de la Iglesia, tratando de dar luz a los temas actuales y a las distintas realidades que afectan a la vida del hombre en el mundo a trav\u00e9s de sus informaciones, opiniones y an\u00e1lisis.<\/p>\n<p>La finalidad de Exaudi es la evangelizaci\u00f3n del mundo. Exaudi nace para fortalecer la unidad de la Iglesia.<\/p>\n<h3><strong>Cap\u00edtulo 2: La naturaleza de Exaudi<\/strong><\/h3>\n<p>Exaudi est\u00e1 alineada al Magisterio de la Iglesia.<\/p>\n<p>Nuestro compromiso con la verdad es el rigor period\u00edstico en b\u00fasqueda de objetividad. Aportando a la misi\u00f3n evangelizadora de la Iglesia.<\/p>\n<p>Para todos, f\u00e1cil de acceder y f\u00e1cil de entender, tomando en cuenta la universalidad de las audiencias.<\/p>\n<p>Exaudi est\u00e1 promovida por un grupo de empresarios cat\u00f3licos convencidos de la necesidad de la evangelizaci\u00f3n del mundo.<\/p>\n<p>Exaudi utilizar\u00e1 todos los medios posibles para la difusi\u00f3n de su material informativo, sea a trav\u00e9s de Internet, en texto, im\u00e1genes, v\u00eddeos, podcasts y otros medios, digitales o no, que ya existan o vayan a surgir, de acuerdo con las estrategias establecidas por el Comit\u00e9 Ejecutivo.<\/p>\n<p>Exaudi NPF, es una entidad no lucrativa, con sede en los Estados Unidos, bajo la cual est\u00e1 registrada y opera Exaudi. Pero que opera en todo el mundo. Nuestro l\u00edmite es internet.<\/p>\n<h3><strong>Cap\u00edtulo 3: Los valores de Exaudi<\/strong><\/h3>\n<p>Humanismo cristiano.<\/p>\n<p>Marca la l\u00ednea editorial y operativa la fidelidad al Magisterio de la Iglesia.<\/p>\n<p>Periodismo como una forma de trabajo profesional, de rigor y misionero.<\/p>\n<p>El esp\u00edritu de servicio a la Iglesia.<\/p>\n<p>La calidad y credibilidad del servicio informativo.<\/p>\n<p>Un sentido de respeto y di\u00e1logo.<\/p>\n<p>La b\u00fasqueda de la innovaci\u00f3n tecnol\u00f3gica y la creatividad.<\/p>\n<p>Universal, para todos. F\u00e1cil de acceder y f\u00e1cil de entender. La multiplicidad de culturas e idiomas que viene de su presencia internacional.<\/p>\n<p>&nbsp;<\/p>\n<p>Para cualquier consulta puede escribir a: info@exaudi.org<\/p>\n<blockquote class=\"wp-embedded-content\" data-secret=\"FiE7jbNH4K\"><p><a href=\"https:\/\/exaudi.org\/es\/organizacion\/\">Organizaci\u00f3n<\/a><\/p><\/blockquote>\n<p><iframe loading=\"lazy\" class=\"wp-embedded-content\" sandbox=\"allow-scripts\" security=\"restricted\" style=\"position: absolute; visibility: hidden;\" title=\"\u00abOrganizaci\u00f3n\u00bb \u2014 Exaudi\" src=\"https:\/\/exaudi.org\/es\/organizacion\/embed\/#?secret=UeMieDhoR8#?secret=FiE7jbNH4K\" data-secret=\"FiE7jbNH4K\" width=\"500\" height=\"282\" frameborder=\"0\" marginwidth=\"0\" marginheight=\"0\" scrolling=\"no\"><\/iframe><\/p>\n","protected":false},"excerpt":{"rendered":"<p>Cap\u00edtulo 1: La finalidad de Exaudi Exaudi es una agencia de noticias internacional cat\u00f3lica. Exaudi es un altavoz de la vida y actividades de la Iglesia, tratando de dar luz a los temas actuales y a las distintas realidades que afectan a la vida del hombre en el mundo a trav\u00e9s de sus informaciones, opiniones [&hellip;]<\/p>\n","protected":false},"author":64,"featured_media":0,"parent":0,"menu_order":0,"comment_status":"closed","ping_status":"closed","template":"","meta":{"_acf_changed":false,"_crdt_document":"","inline_featured_image":false,"footnotes":"","big_sky_generated":false},"class_list":["post-40461","page","type-page","status-publish","hentry"],"acf":[],"yoast_head":"<!-- This site is optimized with the Yoast SEO plugin v27.4 - https:\/\/yoast.com\/product\/yoast-seo-wordpress\/ -->\n<title>Sobre nosotros &#8211; Exaudi<\/title>\n<meta name=\"robots\" content=\"index, follow, max-snippet:-1, max-image-preview:large, max-video-preview:-1\" \/>\n<link rel=\"canonical\" href=\"https:\/\/exaudi.org\/es\/about-us\/\" \/>\n<meta property=\"og:locale\" content=\"es_ES\" \/>\n<meta property=\"og:type\" content=\"article\" \/>\n<meta property=\"og:title\" content=\"Sobre nosotros &#8211; Exaudi\" \/>\n<meta property=\"og:description\" content=\"Cap\u00edtulo 1: La finalidad de Exaudi Exaudi es una agencia de noticias internacional cat\u00f3lica. Exaudi es un altavoz de la vida y actividades de la Iglesia, tratando de dar luz a los temas actuales y a las distintas realidades que afectan a la vida del hombre en el mundo a trav\u00e9s de sus informaciones, opiniones [&hellip;]\" \/>\n<meta property=\"og:url\" content=\"https:\/\/exaudi.org\/about-us\/\" \/>\n<meta property=\"og:site_name\" content=\"Exaudi\" \/>\n<meta property=\"article:publisher\" content=\"https:\/\/www.facebook.com\/ExaudiNews\" \/>\n<meta property=\"article:modified_time\" content=\"2025-04-03T08:27:55+00:00\" \/>\n<meta name=\"twitter:card\" content=\"summary_large_image\" \/>\n<meta name=\"twitter:site\" content=\"@Exaudi_News\" \/>\n<meta name=\"twitter:label1\" content=\"Tiempo de lectura\" \/>\n\t<meta name=\"twitter:data1\" content=\"2 minutos\" \/>\n<script type=\"application\/ld+json\" class=\"yoast-schema-graph\">{\"@context\":\"https:\\\/\\\/schema.org\",\"@graph\":[{\"@type\":\"WebPage\",\"@id\":\"https:\\\/\\\/exaudi.org\\\/about-us\\\/\",\"url\":\"https:\\\/\\\/exaudi.org\\\/about-us\\\/\",\"name\":\"Sobre nosotros &#8211; Exaudi\",\"isPartOf\":{\"@id\":\"https:\\\/\\\/exaudi.org\\\/#website\"},\"datePublished\":\"2021-11-16T16:47:42+00:00\",\"dateModified\":\"2025-04-03T08:27:55+00:00\",\"breadcrumb\":{\"@id\":\"https:\\\/\\\/exaudi.org\\\/about-us\\\/#breadcrumb\"},\"inLanguage\":\"es\",\"potentialAction\":[{\"@type\":\"ReadAction\",\"target\":[\"https:\\\/\\\/exaudi.org\\\/about-us\\\/\"]}]},{\"@type\":\"BreadcrumbList\",\"@id\":\"https:\\\/\\\/exaudi.org\\\/about-us\\\/#breadcrumb\",\"itemListElement\":[{\"@type\":\"ListItem\",\"position\":1,\"name\":\"Portada\",\"item\":\"https:\\\/\\\/exaudi.org\\\/es\\\/\"},{\"@type\":\"ListItem\",\"position\":2,\"name\":\"Sobre nosotros\"}]},{\"@type\":\"WebSite\",\"@id\":\"https:\\\/\\\/exaudi.org\\\/#website\",\"url\":\"https:\\\/\\\/exaudi.org\\\/\",\"name\":\"Exaudi\",\"description\":\"News\",\"potentialAction\":[{\"@type\":\"SearchAction\",\"target\":{\"@type\":\"EntryPoint\",\"urlTemplate\":\"https:\\\/\\\/exaudi.org\\\/?s={search_term_string}\"},\"query-input\":{\"@type\":\"PropertyValueSpecification\",\"valueRequired\":true,\"valueName\":\"search_term_string\"}}],\"inLanguage\":\"es\"}]}<\/script>\n<!-- \/ Yoast SEO plugin. -->","yoast_head_json":{"title":"Sobre nosotros &#8211; Exaudi","robots":{"index":"index","follow":"follow","max-snippet":"max-snippet:-1","max-image-preview":"max-image-preview:large","max-video-preview":"max-video-preview:-1"},"canonical":"https:\/\/exaudi.org\/es\/about-us\/","og_locale":"es_ES","og_type":"article","og_title":"Sobre nosotros &#8211; Exaudi","og_description":"Cap\u00edtulo 1: La finalidad de Exaudi Exaudi es una agencia de noticias internacional cat\u00f3lica. Exaudi es un altavoz de la vida y actividades de la Iglesia, tratando de dar luz a los temas actuales y a las distintas realidades que afectan a la vida del hombre en el mundo a trav\u00e9s de sus informaciones, opiniones [&hellip;]","og_url":"https:\/\/exaudi.org\/about-us\/","og_site_name":"Exaudi","article_publisher":"https:\/\/www.facebook.com\/ExaudiNews","article_modified_time":"2025-04-03T08:27:55+00:00","twitter_card":"summary_large_image","twitter_site":"@Exaudi_News","twitter_misc":{"Tiempo de lectura":"2 minutos"},"schema":{"@context":"https:\/\/schema.org","@graph":[{"@type":"WebPage","@id":"https:\/\/exaudi.org\/about-us\/","url":"https:\/\/exaudi.org\/about-us\/","name":"Sobre nosotros &#8211; Exaudi","isPartOf":{"@id":"https:\/\/exaudi.org\/#website"},"datePublished":"2021-11-16T16:47:42+00:00","dateModified":"2025-04-03T08:27:55+00:00","breadcrumb":{"@id":"https:\/\/exaudi.org\/about-us\/#breadcrumb"},"inLanguage":"es","potentialAction":[{"@type":"ReadAction","target":["https:\/\/exaudi.org\/about-us\/"]}]},{"@type":"BreadcrumbList","@id":"https:\/\/exaudi.org\/about-us\/#breadcrumb","itemListElement":[{"@type":"ListItem","position":1,"name":"Portada","item":"https:\/\/exaudi.org\/es\/"},{"@type":"ListItem","position":2,"name":"Sobre nosotros"}]},{"@type":"WebSite","@id":"https:\/\/exaudi.org\/#website","url":"https:\/\/exaudi.org\/","name":"Exaudi","description":"News","potentialAction":[{"@type":"SearchAction","target":{"@type":"EntryPoint","urlTemplate":"https:\/\/exaudi.org\/?s={search_term_string}"},"query-input":{"@type":"PropertyValueSpecification","valueRequired":true,"valueName":"search_term_string"}}],"inLanguage":"es"}]}},"jetpack_shortlink":"https:\/\/wp.me\/PgKjF2-awB","_links":{"self":[{"href":"https:\/\/exaudi.org\/es\/wp-json\/wp\/v2\/pages\/40461","targetHints":{"allow":["GET"]}}],"collection":[{"href":"https:\/\/exaudi.org\/es\/wp-json\/wp\/v2\/pages"}],"about":[{"href":"https:\/\/exaudi.org\/es\/wp-json\/wp\/v2\/types\/page"}],"author":[{"embeddable":true,"href":"https:\/\/exaudi.org\/es\/wp-json\/wp\/v2\/users\/64"}],"replies":[{"embeddable":true,"href":"https:\/\/exaudi.org\/es\/wp-json\/wp\/v2\/comments?post=40461"}],"version-history":[{"count":0,"href":"https:\/\/exaudi.org\/es\/wp-json\/wp\/v2\/pages\/40461\/revisions"}],"wp:attachment":[{"href":"https:\/\/exaudi.org\/es\/wp-json\/wp\/v2\/media?parent=40461"}],"curies":[{"name":"wp","href":"https:\/\/api.w.org\/{rel}","templated":true}]}}